{"id":1518,"date":"2026-03-10T16:19:29","date_gmt":"2026-03-10T16:19:29","guid":{"rendered":"https:\/\/ludefer.pt\/?page_id=1518"},"modified":"2026-03-11T12:22:19","modified_gmt":"2026-03-11T12:22:19","slug":"ludefer-pelo-mundo","status":"publish","type":"page","link":"https:\/\/ludefer.pt\/fr\/ludefer-pelo-mundo\/","title":{"rendered":"Ludefer pelo Mundo"},"content":{"rendered":"<style>.elementor-1518 .elementor-element.elementor-element-59f98e9 > .elementor-container{max-width:550px;}.elementor-1518 .elementor-element.elementor-element-59f98e9:not(.elementor-motion-effects-element-type-background), .elementor-1518 .elementor-element.elementor-element-59f98e9 > .elementor-motion-effects-container > .elementor-motion-effects-layer{background-image:url(\"https:\/\/ludefer.pt\/wp-content\/uploads\/2023\/01\/tower-cranes-and-high-residential-apartment-buildi-2022-03-12-06-38-38-utc-scaled.jpg\");background-position:center center;background-size:cover;}.elementor-1518 .elementor-element.elementor-element-59f98e9 > .elementor-background-overlay{background-color:#0C161DB0;background-image:url(\"https:\/\/ludefer.pt\/wp-content\/uploads\/2023\/01\/MASK-3.png\");background-position:bottom center;background-repeat:no-repeat;background-size:100% auto;opacity:1;transition:background 0.3s, border-radius 0.3s, opacity 0.3s;}.elementor-1518 .elementor-element.elementor-element-59f98e9{transition:background 0.3s, border 0.3s, border-radius 0.3s, box-shadow 0.3s;margin-top:-100px;margin-bottom:-100px;padding:170px 0px 80px 0px;}.elementor-1518 .elementor-element.elementor-element-06a8986{text-align:center;}.elementor-1518 .elementor-element.elementor-element-06a8986 .elementor-heading-title{font-family:\"Kanit\", Sans-serif;font-size:57px;font-weight:500;line-height:1em;color:#FFFFFF;}.elementor-1518 .elementor-element.elementor-element-06a8986 > .elementor-widget-container{margin:0px 0px 0px 0px;}.elementor-1518 .elementor-element.elementor-element-93a7075{text-align:center;color:#FFFFFF;}.elementor-1518 .elementor-element.elementor-element-955c4fb{--divider-border-style:parallelogram;--divider-color:#BF2D12;--divider-pattern-height:20px;--divider-pattern-size:20px;}.elementor-1518 .elementor-element.elementor-element-955c4fb .elementor-divider-separator{width:65px;margin:0 auto;margin-center:0;}.elementor-1518 .elementor-element.elementor-element-955c4fb .elementor-divider{text-align:center;}.elementor-1518 .elementor-element.elementor-element-955c4fb > .elementor-widget-container{margin:11px 0px 5px 0px;}.elementor-1518 .elementor-element.elementor-element-955c4fb:not(.e-transform) > .elementor-widget-container{-moz-transform:rotate(90deg);-webkit-transform:rotate(90deg);-o-transform:rotate(90deg);-ms-transform:rotate(90deg);transform:rotate(90deg);}.elementor-1518 .elementor-element.elementor-element-955c4fb.e-transform > .elementor-widget-container{--e-transform-rotateZ:90deg;}.elementor-1518 .elementor-element.elementor-element-c047de9 > .elementor-element-populated{margin:50px 50px 50px 50px;--e-column-margin-right:50px;--e-column-margin-left:50px;}.elementor-1518 .elementor-element.elementor-element-ada74d4 > .elementor-widget-container{margin:100px 0px 0px 0px;}@media(max-width:767px){.elementor-1518 .elementor-element.elementor-element-06a8986 .elementor-heading-title{font-size:36px;}.elementor-1518 .elementor-element.elementor-element-93a7075 > .elementor-widget-container{padding:0px 20px 0px 20px;}}<\/style>\t\t<div data-elementor-type=\"wp-page\" data-elementor-id=\"1518\" class=\"elementor elementor-1518\">\n\t\t\t\t\t\t<section class=\"elementor-section elementor-top-section elementor-element elementor-element-59f98e9 elementor-section-boxed elementor-section-height-default elementor-section-height-default\" data-id=\"59f98e9\" data-element_type=\"section\" data-e-type=\"section\" data-settings=\"{&quot;background_background&quot;:&quot;classic&quot;}\">\n\t\t\t\t\t\t\t<div class=\"elementor-background-overlay\"><\/div>\n\t\t\t\t\t\t\t<div class=\"elementor-container elementor-column-gap-no\">\n\t\t\t\t\t<div class=\"elementor-column elementor-col-100 elementor-top-column elementor-element elementor-element-96ebbce\" data-id=\"96ebbce\" data-element_type=\"column\" data-e-type=\"column\">\n\t\t\t<div class=\"elementor-widget-wrap elementor-element-populated\">\n\t\t\t\t\t\t<div class=\"elementor-element elementor-element-06a8986 elementor-widget elementor-widget-heading\" data-id=\"06a8986\" data-element_type=\"widget\" data-e-type=\"widget\" data-widget_type=\"heading.default\">\n\t\t\t\t<div class=\"elementor-widget-container\">\n\t\t\t\t\t<h2 class=\"elementor-heading-title elementor-size-default\">Ludefer pelo Mundo<\/h2>\t\t\t\t<\/div>\n\t\t\t\t<\/div>\n\t\t\t\t<div class=\"elementor-element elementor-element-93a7075 elementor-widget elementor-widget-text-editor\" data-id=\"93a7075\" data-element_type=\"widget\" data-e-type=\"widget\" data-widget_type=\"text-editor.default\">\n\t\t\t\t<div class=\"elementor-widget-container\">\n\t\t\t\t\t\t\t\t\t<p>A nossa trajet\u00f3ria conta com mais de 300 projetos realizados em nove pa\u00edses distintos, colabor\u00e1mos com marcas de prest\u00edgio e conquist\u00e1mos a confian\u00e7a de mais de 70 clientes, muitos deles recorrentes.<br \/>Este percurso demonstra a nossa capacidade de adapta\u00e7\u00e3o a diferentes mercados e culturas, consolidando parcerias duradouras e bem-sucedidas em cada regi\u00e3o onde atuamos.<\/p>\t\t\t\t\t\t\t\t<\/div>\n\t\t\t\t<\/div>\n\t\t\t\t<div class=\"elementor-element elementor-element-955c4fb elementor-widget-divider--separator-type-pattern elementor-widget-divider--view-line elementor-widget elementor-widget-divider\" data-id=\"955c4fb\" data-element_type=\"widget\" data-e-type=\"widget\" data-widget_type=\"divider.default\">\n\t\t\t\t<div class=\"elementor-widget-container\">\n\t\t\t\t\t\t\t<div class=\"elementor-divider\" style=\"--divider-pattern-url: url(&quot;data:image\/svg+xml,%3Csvg xmlns=&#039;http:\/\/www.w3.org\/2000\/svg&#039; preserveAspectRatio=&#039;none&#039; overflow=&#039;visible&#039; height=&#039;100%&#039; viewBox=&#039;0 0 24 24&#039; fill=&#039;black&#039; stroke=&#039;none&#039;%3E%3Cpolygon points=&#039;9.4,2 24,2 14.6,21.6 0,21.6&#039;\/%3E%3C\/svg%3E&quot;);\">\n\t\t\t<span class=\"elementor-divider-separator\">\n\t\t\t\t\t\t<\/span>\n\t\t<\/div>\n\t\t\t\t\t\t<\/div>\n\t\t\t\t<\/div>\n\t\t\t\t\t<\/div>\n\t\t<\/div>\n\t\t\t\t\t<\/div>\n\t\t<\/section>\n\t\t\t\t<section class=\"elementor-section elementor-top-section elementor-element elementor-element-7512df0 elementor-section-boxed elementor-section-height-default elementor-section-height-default\" data-id=\"7512df0\" data-element_type=\"section\" data-e-type=\"section\">\n\t\t\t\t\t\t<div class=\"elementor-container elementor-column-gap-default\">\n\t\t\t\t\t<div class=\"elementor-column elementor-col-100 elementor-top-column elementor-element elementor-element-c047de9\" data-id=\"c047de9\" data-element_type=\"column\" data-e-type=\"column\">\n\t\t\t<div class=\"elementor-widget-wrap elementor-element-populated\">\n\t\t\t\t\t\t<div class=\"elementor-element elementor-element-ada74d4 elementor-widget elementor-widget-igmap\" data-id=\"ada74d4\" data-element_type=\"widget\" data-e-type=\"widget\" data-widget_type=\"igmap.default\">\n\t\t\t\t<div class=\"elementor-widget-container\">\n\t\t\t\t\t<div class=\"igmap-elementor-widget\"><div class=\"map_wrapper\" id=\"map_wrapper_1522\">\n<div class=\"map_box\" style=\"max-width:2000px\">\n<div class=\"map_aspect_ratio\" style=\"padding-top:56%\" data-padding-top=\"56%\" data-padding-top-mobile=\"0%\">\n<div class=\"map_container\">\n<div class=\"map_render map_loading\" id=\"map_1522\"><\/div>\n<\/div>\n<\/div>\n<\/div>\n<\/div><\/div>\t\t\t\t<\/div>\n\t\t\t\t<\/div>\n\t\t\t\t\t<\/div>\n\t\t<\/div>\n\t\t\t\t\t<\/div>\n\t\t<\/section>\n\t\t\t\t<\/div>","protected":false},"excerpt":{"rendered":"<p>Ludefer pelo Mundo A nossa trajet\u00f3ria conta com mais de 300 projetos realizados em nove pa\u00edses distintos, colabor\u00e1mos com marcas de prest\u00edgio e conquist\u00e1mos a confian\u00e7a de mais de 70 clientes, muitos deles recorrentes.Este percurso demonstra a nossa capacidade de adapta\u00e7\u00e3o a diferentes mercados e culturas, consolidando parcerias duradouras e bem-sucedidas em cada regi\u00e3o onde [&hellip;]<\/p>\n","protected":false},"author":1,"featured_media":0,"parent":0,"menu_order":0,"comment_status":"closed","ping_status":"closed","template":"","meta":{"footnotes":""},"class_list":["post-1518","page","type-page","status-publish","hentry"],"_links":{"self":[{"href":"https:\/\/ludefer.pt\/fr\/wp-json\/wp\/v2\/pages\/1518","targetHints":{"allow":["GET"]}}],"collection":[{"href":"https:\/\/ludefer.pt\/fr\/wp-json\/wp\/v2\/pages"}],"about":[{"href":"https:\/\/ludefer.pt\/fr\/wp-json\/wp\/v2\/types\/page"}],"author":[{"embeddable":true,"href":"https:\/\/ludefer.pt\/fr\/wp-json\/wp\/v2\/users\/1"}],"replies":[{"embeddable":true,"href":"https:\/\/ludefer.pt\/fr\/wp-json\/wp\/v2\/comments?post=1518"}],"version-history":[{"count":19,"href":"https:\/\/ludefer.pt\/fr\/wp-json\/wp\/v2\/pages\/1518\/revisions"}],"predecessor-version":[{"id":1675,"href":"https:\/\/ludefer.pt\/fr\/wp-json\/wp\/v2\/pages\/1518\/revisions\/1675"}],"wp:attachment":[{"href":"https:\/\/ludefer.pt\/fr\/wp-json\/wp\/v2\/media?parent=1518"}],"curies":[{"name":"wp","href":"https:\/\/api.w.org\/{rel}","templated":true}]}}